{"id":964,"date":"2021-04-06T10:36:38","date_gmt":"2021-04-06T10:36:38","guid":{"rendered":"http:\/\/fabgraphism.be\/?page_id=964"},"modified":"2023-06-19T12:53:00","modified_gmt":"2023-06-19T12:53:00","slug":"about","status":"publish","type":"page","link":"https:\/\/fabgraphism.be\/?page_id=964","title":{"rendered":"\u00c0 Propos"},"content":{"rendered":"\n<div class=\"inherit-container-width wp-block-group alignfull has-ast-global-color-5-background-color has-background is-layout-constrained wp-block-group-is-layout-constrained\"><div class=\"wp-block-group__inner-container\">\n<div class=\"wp-block-columns is-layout-flex wp-container-core-columns-is-layout-28f84493 wp-block-columns-is-layout-flex\">\n<div class=\"wp-block-column is-vertically-aligned-center is-layout-flow wp-block-column-is-layout-flow\">\n<h2 class=\"wp-block-heading\">Bonjour, je m&rsquo;appelle Fabrice Beghin, je suis graphiste sp\u00e9cialis\u00e9 pr\u00e9presse<\/h2>\n<\/div>\n\n\n\n<div class=\"wp-block-column is-layout-flow wp-block-column-is-layout-flow\">\n<figure class=\"wp-block-image size-large\"><img loading=\"lazy\" decoding=\"async\" width=\"1024\" height=\"1024\" src=\"https:\/\/fabgraphism.be\/wp-content\/uploads\/2023\/06\/Photo-presentation-1024x1024.jpg\" alt=\"\" class=\"wp-image-1288\" srcset=\"https:\/\/fabgraphism.be\/wp-content\/uploads\/2023\/06\/Photo-presentation-1024x1024.jpg 1024w, https:\/\/fabgraphism.be\/wp-content\/uploads\/2023\/06\/Photo-presentation-300x300.jpg 300w, https:\/\/fabgraphism.be\/wp-content\/uploads\/2023\/06\/Photo-presentation-150x150.jpg 150w, https:\/\/fabgraphism.be\/wp-content\/uploads\/2023\/06\/Photo-presentation-768x768.jpg 768w, https:\/\/fabgraphism.be\/wp-content\/uploads\/2023\/06\/Photo-presentation.jpg 1181w\" sizes=\"auto, (max-width: 1024px) 100vw, 1024px\" \/><\/figure>\n<\/div>\n<\/div>\n\n\n\n<div class=\"wp-block-columns alignwide is-layout-flex wp-container-core-columns-is-layout-28f84493 wp-block-columns-is-layout-flex\">\n<div class=\"wp-block-column is-layout-flow wp-block-column-is-layout-flow\">\n<p>Suite \u00e0 mes \u00e9tudes de photographie \u00e0 L&rsquo;HELB INRACI \u00e0 Bruxelles, je me suis int\u00e9ress\u00e9 \u00e0 l&rsquo;infographie naissante. Fort de mes connaissances en retouche photo sur Photoshop, j&rsquo;ai pu me former en autodidacte \u00e0 la mise en page sur Indesign. Je me suis aussi int\u00e9ress\u00e9 au vectoriel sur Illustrator afin de compl\u00e9ter mes comp\u00e9tences. Par la suite, j&rsquo;ai suivi une formation de conducteur offset au CEPEGRA, et suis devenu imprimeur sur Heidelberg XL 105.<\/p>\n<\/div>\n\n\n\n<div class=\"wp-block-column is-layout-flow wp-block-column-is-layout-flow\">\n<p>Pendant cette p\u00e9riode, j&rsquo;ai \u00e9t\u00e9 form\u00e9 en interne sur presse num\u00e9rique Kodak Nexpress et j&rsquo;ai quitt\u00e9 l&rsquo;offset pour le num\u00e9rique.<\/p>\n\n\n\n<p>Enfin, j&rsquo;ai pu regrouper mes acquis dans toutes les branches de la chaine graphique en cr\u00e9ant une maison d&rsquo;\u00e9dition de jeux de soci\u00e9t\u00e9 avec deux amis, au sein de laquelle je suis naturellement devenu le graphiste et directeur de production depuis 2014.<\/p>\n<\/div>\n<\/div>\n<\/div><\/div>\n\n\n\n<div class=\"inherit-container-width wp-block-group alignfull has-ast-global-color-5-background-color has-background is-layout-constrained wp-block-group-is-layout-constrained\"><div class=\"wp-block-group__inner-container\">\n<div class=\"wp-block-columns alignwide has-ast-global-color-5-background-color has-background is-layout-flex wp-container-core-columns-is-layout-28f84493 wp-block-columns-is-layout-flex\">\n<div class=\"wp-block-column is-layout-flow wp-block-column-is-layout-flow\">\n<h2 class=\"wp-block-heading\">En quoi puis-je vous aider ?<\/h2>\n<\/div>\n<\/div>\n\n\n\n<div class=\"wp-block-columns alignwide has-ast-global-color-5-background-color has-background is-layout-flex wp-container-core-columns-is-layout-28f84493 wp-block-columns-is-layout-flex\">\n<div class=\"wp-block-column is-layout-flow wp-block-column-is-layout-flow\">\n<h4 class=\"wp-block-heading\">Mise en page<\/h4>\n\n\n\n<p>Une brochure, un catalogue, un livret \u00e0 mettre en page ?<\/p>\n<\/div>\n\n\n\n<div class=\"wp-block-column is-layout-flow wp-block-column-is-layout-flow\">\n<h4 class=\"wp-block-heading\">Cr\u00e9ation<\/h4>\n\n\n\n<p>Une affiche, un flyer, une banni\u00e8re \u00e0 cr\u00e9er ?<\/p>\n<\/div>\n\n\n\n<div class=\"wp-block-column is-layout-flow wp-block-column-is-layout-flow\">\n<h4 class=\"wp-block-heading\">Finalisation<\/h4>\n\n\n\n<p>Des fichiers existants mais aucune id\u00e9e des besoins de l&rsquo;imprimeur ?<\/p>\n<\/div>\n\n\n\n<div class=\"wp-block-column is-layout-flow wp-block-column-is-layout-flow\">\n<h4 class=\"wp-block-heading\">Contr\u00f4le<\/h4>\n\n\n\n<p>Pas s\u00fbr du r\u00e9sultat ou besoin d&rsquo;un suivi, d&rsquo;un B\u00e0T ?<\/p>\n<\/div>\n<\/div>\n<\/div><\/div>\n\n\n\n<div class=\"wp-block-cover alignfull is-light\" style=\"min-height:381px;aspect-ratio:unset;\"><span aria-hidden=\"true\" class=\"wp-block-cover__background has-luminous-vivid-amber-background-color has-background-dim-100 has-background-dim\"><\/span><div class=\"wp-block-cover__inner-container is-layout-flow wp-block-cover-is-layout-flow\">\n<h2 class=\"wp-block-heading has-text-align-center has-white-color has-text-color\">Une question ?<\/h2>\n\n\n\n<h2 class=\"wp-block-heading has-text-align-center has-white-color has-text-color\">N&rsquo;h\u00e9sitez pas \u00e0 me contacter<\/h2>\n\n\n\n<div style=\"height:50px\" aria-hidden=\"true\" class=\"wp-block-spacer\"><\/div>\n\n\n\n<div class=\"wp-block-buttons is-content-justification-center is-layout-flex wp-container-core-buttons-is-layout-a89b3969 wp-block-buttons-is-layout-flex\">\n<div class=\"wp-block-button has-custom-font-size has-medium-font-size\"><a class=\"wp-block-button__link wp-element-button\" href=\"https:\/\/fabgraphism.be\/?page_id=968\">CONTACT<\/a><\/div>\n<\/div>\n<\/div><\/div>\n","protected":false},"excerpt":{"rendered":"<p>Bonjour, je m&rsquo;appelle Fabrice Beghin, je suis graphiste sp\u00e9cialis\u00e9 pr\u00e9presse Suite \u00e0 mes \u00e9tudes de photographie \u00e0 L&rsquo;HELB INRACI \u00e0 Bruxelles, je me suis int\u00e9ress\u00e9 \u00e0 l&rsquo;infographie naissante. Fort de mes connaissances en retouche photo sur Photoshop, j&rsquo;ai pu me former en autodidacte \u00e0 la mise en page sur Indesign. Je me suis aussi int\u00e9ress\u00e9 &hellip;<\/p>\n<p class=\"read-more\"> <a class=\"\" href=\"https:\/\/fabgraphism.be\/?page_id=964\"> <span class=\"screen-reader-text\">\u00c0 Propos<\/span> Read More &raquo;<\/a><\/p>\n","protected":false},"author":1,"featured_media":0,"parent":0,"menu_order":0,"comment_status":"closed","ping_status":"closed","template":"","meta":{"om_disable_all_campaigns":false,"_monsterinsights_skip_tracking":false,"_monsterinsights_sitenote_active":false,"_monsterinsights_sitenote_note":"","_monsterinsights_sitenote_category":0,"site-sidebar-layout":"no-sidebar","site-content-layout":"plain-container","ast-global-header-display":"","ast-banner-title-visibility":"","ast-main-header-display":"","ast-hfb-above-header-display":"","ast-hfb-below-header-display":"","ast-hfb-mobile-header-display":"","site-post-title":"disabled","ast-breadcrumbs-content":"disabled","ast-featured-img":"disabled","footer-sml-layout":"","theme-transparent-header-meta":"disabled","adv-header-id-meta":"","stick-header-meta":"","header-above-stick-meta":"","header-main-stick-meta":"","header-below-stick-meta":"","footnotes":""},"class_list":["post-964","page","type-page","status-publish","hentry"],"aioseo_notices":[],"_links":{"self":[{"href":"https:\/\/fabgraphism.be\/index.php?rest_route=\/wp\/v2\/pages\/964","targetHints":{"allow":["GET"]}}],"collection":[{"href":"https:\/\/fabgraphism.be\/index.php?rest_route=\/wp\/v2\/pages"}],"about":[{"href":"https:\/\/fabgraphism.be\/index.php?rest_route=\/wp\/v2\/types\/page"}],"author":[{"embeddable":true,"href":"https:\/\/fabgraphism.be\/index.php?rest_route=\/wp\/v2\/users\/1"}],"replies":[{"embeddable":true,"href":"https:\/\/fabgraphism.be\/index.php?rest_route=%2Fwp%2Fv2%2Fcomments&post=964"}],"version-history":[{"count":16,"href":"https:\/\/fabgraphism.be\/index.php?rest_route=\/wp\/v2\/pages\/964\/revisions"}],"predecessor-version":[{"id":1321,"href":"https:\/\/fabgraphism.be\/index.php?rest_route=\/wp\/v2\/pages\/964\/revisions\/1321"}],"wp:attachment":[{"href":"https:\/\/fabgraphism.be\/index.php?rest_route=%2Fwp%2Fv2%2Fmedia&parent=964"}],"curies":[{"name":"wp","href":"https:\/\/api.w.org\/{rel}","templated":true}]}}