{"id":961,"date":"2021-04-06T10:35:00","date_gmt":"2021-04-06T10:35:00","guid":{"rendered":"http:\/\/fabgraphism.be\/?page_id=961"},"modified":"2023-06-19T10:17:20","modified_gmt":"2023-06-19T10:17:20","slug":"home","status":"publish","type":"page","link":"https:\/\/fabgraphism.be\/","title":{"rendered":"Accueil"},"content":{"rendered":"\n<div class=\"wp-block-cover alignfull is-light\" style=\"min-height:915px;aspect-ratio:unset;\"><span aria-hidden=\"true\" class=\"wp-block-cover__background has-ast-global-color-2-background-color has-background-dim-0 has-background-dim\"><\/span><img loading=\"lazy\" decoding=\"async\" width=\"2020\" height=\"1060\" class=\"wp-block-cover__image-background wp-image-1220\" alt=\"\" src=\"https:\/\/fabgraphism-be.preview-domain.com\/wp-content\/uploads\/2022\/08\/illu-accueil-2.jpg\" style=\"object-position:0% 50%\" data-object-fit=\"cover\" data-object-position=\"0% 50%\" srcset=\"https:\/\/fabgraphism.be\/wp-content\/uploads\/2022\/08\/illu-accueil-2.jpg 2020w, https:\/\/fabgraphism.be\/wp-content\/uploads\/2022\/08\/illu-accueil-2-300x157.jpg 300w, https:\/\/fabgraphism.be\/wp-content\/uploads\/2022\/08\/illu-accueil-2-1024x537.jpg 1024w, https:\/\/fabgraphism.be\/wp-content\/uploads\/2022\/08\/illu-accueil-2-768x403.jpg 768w, https:\/\/fabgraphism.be\/wp-content\/uploads\/2022\/08\/illu-accueil-2-1536x806.jpg 1536w\" sizes=\"auto, (max-width: 2020px) 100vw, 2020px\" \/><div class=\"wp-block-cover__inner-container is-layout-flow wp-block-cover-is-layout-flow\">\n<div class=\"wp-block-media-text alignwide is-stacked-on-mobile\"><figure class=\"wp-block-media-text__media\"><\/figure><div class=\"wp-block-media-text__content\">\n<h2 class=\"wp-block-heading has-ast-global-color-2-color has-white-background-color has-text-color has-background has-large-font-size\">Un professionnel pour tous vos travaux destin\u00e9s \u00e0 l&rsquo;impression.<\/h2>\n\n\n\n<div class=\"wp-block-buttons is-layout-flex wp-block-buttons-is-layout-flex\">\n<div class=\"wp-block-button\"><a class=\"wp-block-button__link wp-element-button\" href=\"https:\/\/fabgraphism.be\/?page_id=968\">Demandez un devis<\/a><\/div>\n<\/div>\n<\/div><\/div>\n<\/div><\/div>\n\n\n\n<div class=\"inherit-container-width wp-block-group alignfull is-layout-constrained wp-block-group-is-layout-constrained\"><div class=\"wp-block-group__inner-container\">\n<div class=\"wp-block-columns alignwide is-layout-flex wp-container-core-columns-is-layout-28f84493 wp-block-columns-is-layout-flex\">\n<div class=\"wp-block-column is-layout-flow wp-block-column-is-layout-flow\">\n<h2 class=\"wp-block-heading\">Particulier ou Entreprise, je r\u00e9pond \u00e0 vos besoins<\/h2>\n<\/div>\n\n\n\n<div class=\"wp-block-column is-layout-flow wp-block-column-is-layout-flow\">\n<h4 class=\"wp-block-heading\">Mise en page de catalogue<\/h4>\n\n\n\n<hr class=\"wp-block-separator has-text-color has-css-opacity has-background is-style-wide\" style=\"background-color:#d9dee8;color:#d9dee8\"\/>\n\n\n\n<h4 class=\"wp-block-heading\">Cr\u00e9ation de mat\u00e9riel publicitaire, faire-part, flyer, carte personnalis\u00e9e,&#8230;<\/h4>\n\n\n\n<hr class=\"wp-block-separator has-text-color has-css-opacity has-background is-style-wide\" style=\"background-color:#d9dee8;color:#d9dee8\"\/>\n\n\n\n<h4 class=\"wp-block-heading\">Mise en page pour l&rsquo;\u00e9dition<\/h4>\n\n\n\n<hr class=\"wp-block-separator has-text-color has-css-opacity has-background is-style-wide\" style=\"background-color:#d9dee8;color:#d9dee8\"\/>\n\n\n\n<h4 class=\"wp-block-heading\">Finalisation et contr\u00f4le de fichiers destin\u00e9s \u00e0 l&rsquo;impression<\/h4>\n\n\n\n<hr class=\"wp-block-separator has-text-color has-css-opacity has-background is-style-wide\" style=\"background-color:#d9dee8;color:#d9dee8\"\/>\n<\/div>\n<\/div>\n<\/div><\/div>\n\n\n\n<div class=\"inherit-container-width wp-block-group alignfull has-ast-global-color-5-background-color has-background is-layout-constrained wp-block-group-is-layout-constrained\"><div class=\"wp-block-group__inner-container\">\n<div class=\"wp-block-columns is-layout-flex wp-container-core-columns-is-layout-28f84493 wp-block-columns-is-layout-flex\">\n<div class=\"wp-block-column is-layout-flow wp-block-column-is-layout-flow\">\n<figure class=\"wp-block-image size-large\"><img loading=\"lazy\" decoding=\"async\" width=\"1024\" height=\"1024\" src=\"https:\/\/fabgraphism.be\/wp-content\/uploads\/2023\/06\/Photo-presentation-1024x1024.jpg\" alt=\"\" class=\"wp-image-1288\" srcset=\"https:\/\/fabgraphism.be\/wp-content\/uploads\/2023\/06\/Photo-presentation-1024x1024.jpg 1024w, https:\/\/fabgraphism.be\/wp-content\/uploads\/2023\/06\/Photo-presentation-300x300.jpg 300w, https:\/\/fabgraphism.be\/wp-content\/uploads\/2023\/06\/Photo-presentation-150x150.jpg 150w, https:\/\/fabgraphism.be\/wp-content\/uploads\/2023\/06\/Photo-presentation-768x768.jpg 768w, https:\/\/fabgraphism.be\/wp-content\/uploads\/2023\/06\/Photo-presentation.jpg 1181w\" sizes=\"auto, (max-width: 1024px) 100vw, 1024px\" \/><\/figure>\n<\/div>\n\n\n\n<div class=\"wp-block-column is-vertically-aligned-center is-layout-flow wp-block-column-is-layout-flow\">\n<h4 class=\"wp-block-heading\">Photographe, infographiste, imprimeur offset\/presse num\u00e9rique et \u00e9diteur de jeux de soci\u00e9t\u00e9, j&rsquo;ai l&rsquo;exp\u00e9rience de la chaine graphique au grand complet. Une exp\u00e9rience \u00e0 votre service pour l&rsquo;assurance d&rsquo;un r\u00e9sultat professionnel. <\/h4>\n<\/div>\n<\/div>\n<\/div><\/div>\n\n\n\n<div class=\"wp-block-cover alignfull is-light\" style=\"min-height:381px;aspect-ratio:unset;\"><span aria-hidden=\"true\" class=\"wp-block-cover__background has-luminous-vivid-amber-background-color has-background-dim-100 has-background-dim\"><\/span><div class=\"wp-block-cover__inner-container is-layout-flow wp-block-cover-is-layout-flow\">\n<h2 class=\"wp-block-heading has-text-align-center has-white-color has-text-color\">Une question ?<\/h2>\n\n\n\n<h2 class=\"wp-block-heading has-text-align-center has-white-color has-text-color\">N&rsquo;h\u00e9sitez pas \u00e0 me contacter<\/h2>\n\n\n\n<div style=\"height:50px\" aria-hidden=\"true\" class=\"wp-block-spacer\"><\/div>\n\n\n\n<div class=\"wp-block-buttons is-content-justification-center is-layout-flex wp-container-core-buttons-is-layout-a89b3969 wp-block-buttons-is-layout-flex\">\n<div class=\"wp-block-button has-custom-font-size has-medium-font-size\"><a class=\"wp-block-button__link wp-element-button\" href=\"https:\/\/fabgraphism.be\/?page_id=968\">CONTACT<\/a><\/div>\n<\/div>\n<\/div><\/div>\n","protected":false},"excerpt":{"rendered":"<p>Particulier ou Entreprise, je r\u00e9pond \u00e0 vos besoins Mise en page de catalogue Cr\u00e9ation de mat\u00e9riel publicitaire, faire-part, flyer, carte personnalis\u00e9e,&#8230; Mise en page pour l&rsquo;\u00e9dition Finalisation et contr\u00f4le de fichiers destin\u00e9s \u00e0 l&rsquo;impression Photographe, infographiste, imprimeur offset\/presse num\u00e9rique et \u00e9diteur de jeux de soci\u00e9t\u00e9, j&rsquo;ai l&rsquo;exp\u00e9rience de la chaine graphique au grand complet. Une &hellip;<\/p>\n<p class=\"read-more\"> <a class=\"\" href=\"https:\/\/fabgraphism.be\/\"> <span class=\"screen-reader-text\">Accueil<\/span> Read More &raquo;<\/a><\/p>\n","protected":false},"author":1,"featured_media":0,"parent":0,"menu_order":0,"comment_status":"closed","ping_status":"closed","template":"","meta":{"om_disable_all_campaigns":false,"_monsterinsights_skip_tracking":false,"_monsterinsights_sitenote_active":false,"_monsterinsights_sitenote_note":"","_monsterinsights_sitenote_category":0,"site-sidebar-layout":"no-sidebar","site-content-layout":"plain-container","ast-global-header-display":"","ast-banner-title-visibility":"","ast-main-header-display":"","ast-hfb-above-header-display":"","ast-hfb-below-header-display":"","ast-hfb-mobile-header-display":"","site-post-title":"disabled","ast-breadcrumbs-content":"disabled","ast-featured-img":"disabled","footer-sml-layout":"","theme-transparent-header-meta":"enabled","adv-header-id-meta":"","stick-header-meta":"","header-above-stick-meta":"","header-main-stick-meta":"","header-below-stick-meta":"","footnotes":""},"class_list":["post-961","page","type-page","status-publish","hentry"],"aioseo_notices":[],"_links":{"self":[{"href":"https:\/\/fabgraphism.be\/index.php?rest_route=\/wp\/v2\/pages\/961","targetHints":{"allow":["GET"]}}],"collection":[{"href":"https:\/\/fabgraphism.be\/index.php?rest_route=\/wp\/v2\/pages"}],"about":[{"href":"https:\/\/fabgraphism.be\/index.php?rest_route=\/wp\/v2\/types\/page"}],"author":[{"embeddable":true,"href":"https:\/\/fabgraphism.be\/index.php?rest_route=\/wp\/v2\/users\/1"}],"replies":[{"embeddable":true,"href":"https:\/\/fabgraphism.be\/index.php?rest_route=%2Fwp%2Fv2%2Fcomments&post=961"}],"version-history":[{"count":45,"href":"https:\/\/fabgraphism.be\/index.php?rest_route=\/wp\/v2\/pages\/961\/revisions"}],"predecessor-version":[{"id":1290,"href":"https:\/\/fabgraphism.be\/index.php?rest_route=\/wp\/v2\/pages\/961\/revisions\/1290"}],"wp:attachment":[{"href":"https:\/\/fabgraphism.be\/index.php?rest_route=%2Fwp%2Fv2%2Fmedia&parent=961"}],"curies":[{"name":"wp","href":"https:\/\/api.w.org\/{rel}","templated":true}]}}